{"id":8028,"date":"2018-12-10T03:06:47","date_gmt":"2018-12-10T03:06:47","guid":{"rendered":"http:\/\/travelhotel.wpengine.com\/?page_id=8028"},"modified":"2022-03-14T08:53:06","modified_gmt":"2022-03-14T13:53:06","slug":"sobre-nosotros","status":"publish","type":"page","link":"https:\/\/www.machupicchuroadtrip.com\/en\/about-us\/","title":{"rendered":"About Us"},"content":{"rendered":"<div class=\"vc_row wpb_row st bg-holder st-solo-page--about\"><div class='container'><div class='row'>\n\t<div class=\"wpb_column column_container col-md-12\"><div class=\"vc_column-inner wpb_wrapper\">\n\t\t\t<div class=\"vc_row wpb_row vc_inner st-about--description\"><div class=\"wpb_column column_container col-md-12\"><div class=\"vc_column-inner\"><div class=\"wpb_wrapper\">\n\t<div class=\"wpb_text_column wpb_content_element\" >\n\t\t<div class=\"wpb_wrapper\">\n\t\t\t<p style=\"text-align: center;\">Since 2013, we have offered group backpacking tours through the most alluring destinations in Southeast Asia!<\/p>\n\n\t\t<\/div>\n\t<\/div>\n<\/div><\/div><\/div><\/div><div class=\"vc_row wpb_row vc_inner st-about--info vc_row-o-content-middle vc_row-flex\"><div class=\"st-about--left wpb_column column_container col-md-6\"><div class=\"vc_column-inner\"><div class=\"wpb_wrapper\">\n\t<div  class=\"wpb_single_image wpb_content_element vc_align_center\">\n\t\t\n\t\t<figure class=\"wpb_wrapper vc_figure\">\n\t\t\t<div class=\"vc_single_image-wrapper   vc_box_border_grey\"><\/div>\n\t\t<\/figure>\n\t<\/div>\n<\/div><\/div><\/div><div class=\"st-about--right wpb_column column_container col-md-6\"><div class=\"vc_column-inner\"><div class=\"wpb_wrapper\">\n\t<div class=\"wpb_text_column wpb_content_element\" >\n\t\t<div class=\"wpb_wrapper\">\n\t\t\t<h3>Why Choose Us<\/h3>\n<p><img loading=\"lazy\" decoding=\"async\" class=\"alignnone wp-image-8505\" src=\"https:\/\/shinetheme.com\/travelerdata\/solotour\/wp-content\/uploads\/2020\/04\/smartph-300x300.png\" alt=\"\" width=\"48\" height=\"48\" \/>SLEEP &amp; TRAVEL IN COMFORT<\/p>\n<p><img loading=\"lazy\" decoding=\"async\" class=\"alignnone wp-image-8506\" src=\"https:\/\/shinetheme.com\/travelerdata\/solotour\/wp-content\/uploads\/2020\/04\/Group-69-300x300.png\" alt=\"\" width=\"48\" height=\"48\" \/>BOOKING WITH SPREAD PAYMENTS<\/p>\n<p><img loading=\"lazy\" decoding=\"async\" class=\"alignnone wp-image-8508\" src=\"https:\/\/shinetheme.com\/travelerdata\/solotour\/wp-content\/uploads\/2020\/04\/Group-70@3x-300x300.png\" alt=\"\" width=\"48\" height=\"42\" \/>FULLY LICENSED TOUR OPERATOR<\/p>\n\n\t\t<\/div>\n\t<\/div>\n<\/div><\/div><\/div><\/div><\/div>\n\t<\/div> \n<\/div><!--End .row--><\/div><!--End .container--><\/div><div data-vc-full-width=\"true\" data-vc-full-width-init=\"false\" class=\"vc_row wpb_row st bg-holder st-about--collection vc_custom_1589431267390 vc_row-has-fill\"><div class='container-fluid'> <div class='row'>\n\t<div class=\"wpb_column column_container col-md-12\"><div class=\"vc_column-inner wpb_wrapper\">\n\t\t\t<div class=\"vc_row wpb_row vc_inner st-about--collection__top\"><div class=\"order-1 wpb_column column_container col-md-6\"><div class=\"vc_column-inner\"><div class=\"wpb_wrapper\">\n\t<div class=\"wpb_text_column wpb_content_element\" >\n\t\t<div class=\"wpb_wrapper\">\n\t\t\t<h3>Continuity Of Quality<\/h3>\n<p>Each tour is handcrafted by our team after months (sometimes years!) of in-country research. We carefully select each activity, transportation, accommodation, and included meal option to ensure a consistent level of quality on each tour.<\/p>\n\n\t\t<\/div>\n\t<\/div>\n<\/div><\/div><\/div><div class=\"order-2 wpb_column column_container col-md-6\"><div class=\"vc_column-inner\"><div class=\"wpb_wrapper\">\n\t<div  class=\"wpb_single_image wpb_content_element vc_align_left\">\n\t\t\n\t\t<figure class=\"wpb_wrapper vc_figure\">\n\t\t\t<div class=\"vc_single_image-wrapper   vc_box_border_grey\"><\/div>\n\t\t<\/figure>\n\t<\/div>\n<\/div><\/div><\/div><\/div><div class=\"vc_row wpb_row vc_inner st-about--collection__bottom\"><div class=\"order-1 wpb_column column_container col-md-6\"><div class=\"vc_column-inner\"><div class=\"wpb_wrapper\">\n\t<div  class=\"wpb_single_image wpb_content_element vc_align_right\">\n\t\t\n\t\t<figure class=\"wpb_wrapper vc_figure\">\n\t\t\t<div class=\"vc_single_image-wrapper   vc_box_border_grey\"><\/div>\n\t\t<\/figure>\n\t<\/div>\n<\/div><\/div><\/div><div class=\"order-2 wpb_column column_container col-md-6\"><div class=\"vc_column-inner\"><div class=\"wpb_wrapper\">\n\t<div class=\"wpb_text_column wpb_content_element\" >\n\t\t<div class=\"wpb_wrapper\">\n\t\t\t<h3>Clean, Cushy Accommodation<\/h3>\n<p>Accommodation makes or breaks a trip! You have access to a hotel pool or a beach nearby most days on tour. Most nights, you share a room with just one other group member. The select dorm-style options included are ultra-comfy, extra clean, and uber-unique.<\/p>\n\n\t\t<\/div>\n\t<\/div>\n<\/div><\/div><\/div><\/div><\/div>\n\t<\/div> \n<\/div><!--End .row--><\/div><!--End .container--><\/div><div class=\"vc_row-full-width vc_clearfix\"><\/div><div class=\"vc_row wpb_row st bg-holder st-about--list-image\"><div class='container'><div class='row'>\n\t<div class=\"wpb_column column_container col-md-12\"><div class=\"vc_column-inner wpb_wrapper\">\n\t\t\t<div class=\"st-aboutus-team st-aboutus-solo\">\r\n    <h3>Meet Our Team<\/h3>\r\n    <div class=\"row slide-item\"><div class=\"col-md-3 col-sm-6 item\">            <div class=\"thumb\">\r\n                <img decoding=\"async\" src=\"https:\/\/via.placeholder.com\/300x200\" class=\"img-responsive\" \/>\r\n            <\/div>\r\n                        <p class=\"name\">Simon<\/p>\r\n                                    <p class=\"pos\">Owner<\/p>\r\n                                    <p class=\"country\"><span class=\"from\">From<\/span>UK<\/p>\r\n                        <\/div><div class=\"col-md-3 col-sm-6 item\">            <div class=\"thumb\">\r\n                <img decoding=\"async\" src=\"https:\/\/via.placeholder.com\/300x200\" class=\"img-responsive\" \/>\r\n            <\/div>\r\n                        <p class=\"name\">Sofie<\/p>\r\n                                    <p class=\"pos\">General Manager<\/p>\r\n                                    <p class=\"country\"><span class=\"from\">From<\/span>USA<\/p>\r\n                        <\/div><div class=\"col-md-3 col-sm-6 item\">            <div class=\"thumb\">\r\n                <img decoding=\"async\" src=\"https:\/\/via.placeholder.com\/300x200\" class=\"img-responsive\" \/>\r\n            <\/div>\r\n                        <p class=\"name\">Chloe<\/p>\r\n                                    <p class=\"pos\">General Manager<\/p>\r\n                                    <p class=\"country\"><span class=\"from\">From<\/span>USA<\/p>\r\n                        <\/div><div class=\"col-md-3 col-sm-6 item\">            <div class=\"thumb\">\r\n                <img decoding=\"async\" src=\"https:\/\/via.placeholder.com\/300x200\" class=\"img-responsive\" \/>\r\n            <\/div>\r\n                        <p class=\"name\">Jack<\/p>\r\n                                    <p class=\"pos\">Videographer<\/p>\r\n                                    <p class=\"country\"><span class=\"from\">From<\/span>Germany<\/p>\r\n                        <\/div><div class=\"col-md-3 col-sm-6 item\">            <div class=\"thumb\">\r\n                <img decoding=\"async\" src=\"https:\/\/via.placeholder.com\/300x200\" class=\"img-responsive\" \/>\r\n            <\/div>\r\n                        <p class=\"name\">Fiona<\/p>\r\n                                    <p class=\"pos\">Tour Coordinator<\/p>\r\n                                    <p class=\"country\"><span class=\"from\">From<\/span>UK<\/p>\r\n                        <\/div><div class=\"col-md-3 col-sm-6 item\">            <div class=\"thumb\">\r\n                <img decoding=\"async\" src=\"https:\/\/via.placeholder.com\/300x200\" class=\"img-responsive\" \/>\r\n            <\/div>\r\n                        <p class=\"name\">Oratai<\/p>\r\n                                    <p class=\"pos\">Thailand Operations<\/p>\r\n                                    <p class=\"country\"><span class=\"from\">From<\/span>Thailand<\/p>\r\n                        <\/div><div class=\"col-md-3 col-sm-6 item\">            <div class=\"thumb\">\r\n                <img decoding=\"async\" src=\"https:\/\/via.placeholder.com\/300x200\" class=\"img-responsive\" \/>\r\n            <\/div>\r\n                        <p class=\"name\">Thuy<\/p>\r\n                                    <p class=\"pos\">Vietnam Operations<\/p>\r\n                                    <p class=\"country\"><span class=\"from\">From<\/span>Vietnam<\/p>\r\n                        <\/div><div class=\"col-md-3 col-sm-6 item\">            <div class=\"thumb\">\r\n                <img decoding=\"async\" src=\"https:\/\/via.placeholder.com\/300x200\" class=\"img-responsive\" \/>\r\n            <\/div>\r\n                        <p class=\"name\">Ima<\/p>\r\n                                    <p class=\"pos\">Bali Operations<\/p>\r\n                                    <p class=\"country\"><span class=\"from\">From<\/span>Bali<\/p>\r\n                        <\/div><\/div><\/div>\r\n<\/div>\n\t<\/div> \n<\/div><!--End .row--><\/div><!--End .container--><\/div><div data-vc-full-width=\"true\" data-vc-full-width-init=\"false\" class=\"vc_row wpb_row st bg-holder st-solo-blog vc_custom_1589431495816 vc_row-has-fill vc_row-o-content-middle vc_row-flex\"><div class='container'><div class='row'>\n\t<div class=\"wpb_column column_container col-md-12\"><div class=\"vc_column-inner wpb_wrapper\">\n\t\t\t<div class=\"vc_row wpb_row vc_inner\"><div class=\"wpb_column column_container col-md-12\"><div class=\"vc_column-inner\"><div class=\"wpb_wrapper\"><div class=\"vc_empty_space  space-top-section\"   style=\"height: 100px\"><span class=\"vc_empty_space_inner\"><\/span><\/div>\n\t<div class=\"wpb_text_column wpb_content_element  st-title-heading\" >\n\t\t<div class=\"wpb_wrapper\">\n\t\t\t<h3>Learn More About Asia<\/h3>\n\n\t\t<\/div>\n\t<\/div>\n<div class=\"vc_empty_space  space-title\"   style=\"height: 40px\"><span class=\"vc_empty_space_inner\"><\/span><\/div><\/div><\/div><\/div><\/div><div class=\"vc_row wpb_row vc_inner st-solo-blog-list vc_row-o-content-middle vc_row-flex\"><div class=\"wpb_column column_container col-md-12\"><div class=\"vc_column-inner\"><div class=\"wpb_wrapper\"><div class=\"row row-wrap st_blog st_grid no_margin_inner style7\">\r\n                 <div class=\"st-blog--bg has-matchHeight\">\r\n    <div class=\"st-blog--item item-content\">\r\n        <div class=\"thumb text-center\">\r\n            <a class=\"hover-img curved\" href=\"https:\/\/www.machupicchuroadtrip.com\/en\/mejores-lugares-para-visitar-en-cusco\/\">\r\n                <img loading=\"lazy\" decoding=\"async\" width=\"370\" height=\"208\" src=\"https:\/\/www.machupicchuroadtrip.com\/wp-content\/uploads\/2020\/05\/mejores-lugares-en-cusco-370x208.jpg\" class=\"attachment-370x208 size-370x208 wp-post-image\" alt=\"Paquetes Tur\u00edsticos, Tour en Cusco y Peru\" \/>            <\/a>\r\n        <\/div>\r\n        <div class=\"thumb-caption\">   \r\n                        <ul class=\"blog-date\">\r\n                <li class=\"blog-location\" >Cusco <\/li>\r\n                <li>11 May, 2020<\/li>\r\n            <\/ul>\r\n            <p class=\"title\"><a href=\"https:\/\/www.machupicchuroadtrip.com\/en\/mejores-lugares-para-visitar-en-cusco\/\">Los Mejores Lugares para Visitar: Descubre la Magia del Cusco<\/a><\/p>\r\n            <p class=\"sub-title\"><p>Si est\u00e1s planeando un viaje a Cusco, Per\u00fa, te espera una experiencia inolvidable llena de historia, cultura y belleza natural. Cusco es un destino enriquecido por la herencia inca y colonial, con paisajes espectaculares que te dejar\u00e1n sin aliento. En este art\u00edculo, te presentaremos los lugares imperdibles que debes visitar en tu aventura cusque\u00f1a. \u00a1Prep\u00e1rate [&hellip;]<\/p>\n<\/p>\r\n        <\/div>\r\n    <\/div>\r\n<\/div><div class=\"st-blog--bg has-matchHeight\">\r\n    <div class=\"st-blog--item item-content\">\r\n        <div class=\"thumb text-center\">\r\n            <a class=\"hover-img curved\" href=\"https:\/\/www.machupicchuroadtrip.com\/en\/machu-picchu-la-joya-de-cusco\/\">\r\n                <img loading=\"lazy\" decoding=\"async\" width=\"370\" height=\"208\" src=\"https:\/\/www.machupicchuroadtrip.com\/wp-content\/uploads\/2020\/05\/machu-picchu-la-joya-de-cusco-370x208.jpg\" class=\"attachment-370x208 size-370x208 wp-post-image\" alt=\"Paquetes Tur\u00edsticos, Tour en Cusco y Peru\" \/>            <\/a>\r\n        <\/div>\r\n        <div class=\"thumb-caption\">   \r\n                        <ul class=\"blog-date\">\r\n                <li class=\"blog-location\" >Cusco <\/li>\r\n                <li>11 May, 2020<\/li>\r\n            <\/ul>\r\n            <p class=\"title\"><a href=\"https:\/\/www.machupicchuroadtrip.com\/en\/machu-picchu-la-joya-de-cusco\/\">Machu Picchu: La Joya de Cusco &#8211; Gu\u00eda Completa para una Aventura Inolvidable<\/a><\/p>\r\n            <p class=\"sub-title\"><p>Machu Picchu, la misteriosa ciudadela inca enclavada en las monta\u00f1as de Cusco, es un tesoro hist\u00f3rico y uno de los destinos m\u00e1s ic\u00f3nicos del mundo. Si tienes el sue\u00f1o de explorar este lugar m\u00e1gico, est\u00e1s a punto de embarcarte en una aventura que te transportar\u00e1 al pasado y te dejar\u00e1 sin aliento con su belleza. [&hellip;]<\/p>\n<\/p>\r\n        <\/div>\r\n    <\/div>\r\n<\/div><div class=\"st-blog--bg has-matchHeight\">\r\n    <div class=\"st-blog--item item-content\">\r\n        <div class=\"thumb text-center\">\r\n            <a class=\"hover-img curved\" href=\"https:\/\/www.machupicchuroadtrip.com\/en\/consejos-para-viajar-a-cusco\/\">\r\n                <img loading=\"lazy\" decoding=\"async\" width=\"370\" height=\"208\" src=\"https:\/\/www.machupicchuroadtrip.com\/wp-content\/uploads\/2020\/05\/consejos-para-viajar-a-cusco-370x208.jpg\" class=\"attachment-370x208 size-370x208 wp-post-image\" alt=\"Paquetes Tur\u00edsticos, Tour en Cusco y Peru\" \/>            <\/a>\r\n        <\/div>\r\n        <div class=\"thumb-caption\">   \r\n                        <ul class=\"blog-date\">\r\n                <li class=\"blog-location\" >Cusco <\/li>\r\n                <li>11 May, 2020<\/li>\r\n            <\/ul>\r\n            <p class=\"title\"><a href=\"https:\/\/www.machupicchuroadtrip.com\/en\/consejos-para-viajar-a-cusco\/\">Consejos para Viajar a Cusco: Tu Gu\u00eda Completa para una Aventura Inolvidable<\/a><\/p>\r\n            <p class=\"sub-title\"><p>Cuando se trata de destinos de ensue\u00f1o en Am\u00e9rica del Sur, Cusco, Per\u00fa, se encuentra en la parte superior de la lista de muchos viajeros. Esta ciudad hist\u00f3rica, antigua capital del imperio inca, es un lugar lleno de cultura, belleza natural y aventuras emocionantes. Sin embargo, antes de empacar tus maletas y dirigirte a esta [&hellip;]<\/p>\n<\/p>\r\n        <\/div>\r\n    <\/div>\r\n<\/div>\r\n               <\/div><\/div><\/div><\/div><\/div>\n\t<div class=\"wpb_text_column wpb_content_element\" >\n\t\t<div class=\"wpb_wrapper\">\n\t\t\t<p><a href=\"https:\/\/shinetheme.com\/travelerdata\/solotour\/?page_id=8378\" target=\"_blank\" rel=\"noopener\">READ MORE ARTICLES<\/a><\/p>\n\n\t\t<\/div>\n\t<\/div>\n<div class=\"vc_empty_space  space-bottom-section\"   style=\"height: 100px\"><span class=\"vc_empty_space_inner\"><\/span><\/div><\/div>\n\t<\/div> \n<\/div><!--End .row--><\/div><!--End .container--><\/div><div class=\"vc_row-full-width vc_clearfix\"><\/div>","protected":false},"excerpt":{"rendered":"Cuando se trata de destinos de ensue\u00f1o en Am\u00e9rica del Sur, Cusco, Per\u00fa, se encuentra en la parte superior de la lista de muchos viajeros. Esta ciudad hist\u00f3rica, antigua capital del imperio inca, es un lugar lleno de cultura, belleza natural y aventuras emocionantes. Sin embargo, antes de empacar tus maletas y dirigirte a esta [...]","protected":false},"author":1,"featured_media":10437,"parent":0,"menu_order":0,"comment_status":"closed","ping_status":"closed","template":"template-home-modern.php","meta":{"_monsterinsights_skip_tracking":false,"_monsterinsights_sitenote_active":false,"_monsterinsights_sitenote_note":"","_monsterinsights_sitenote_category":0,"footnotes":""},"_links":{"self":[{"href":"https:\/\/www.machupicchuroadtrip.com\/en\/wp-json\/wp\/v2\/pages\/8028"}],"collection":[{"href":"https:\/\/www.machupicchuroadtrip.com\/en\/wp-json\/wp\/v2\/pages"}],"about":[{"href":"https:\/\/www.machupicchuroadtrip.com\/en\/wp-json\/wp\/v2\/types\/page"}],"author":[{"embeddable":true,"href":"https:\/\/www.machupicchuroadtrip.com\/en\/wp-json\/wp\/v2\/users\/1"}],"replies":[{"embeddable":true,"href":"https:\/\/www.machupicchuroadtrip.com\/en\/wp-json\/wp\/v2\/comments?post=8028"}],"version-history":[{"count":5,"href":"https:\/\/www.machupicchuroadtrip.com\/en\/wp-json\/wp\/v2\/pages\/8028\/revisions"}],"predecessor-version":[{"id":10478,"href":"https:\/\/www.machupicchuroadtrip.com\/en\/wp-json\/wp\/v2\/pages\/8028\/revisions\/10478"}],"wp:featuredmedia":[{"embeddable":true,"href":"https:\/\/www.machupicchuroadtrip.com\/en\/wp-json\/wp\/v2\/media\/10437"}],"wp:attachment":[{"href":"https:\/\/www.machupicchuroadtrip.com\/en\/wp-json\/wp\/v2\/media?parent=8028"}],"curies":[{"name":"wp","href":"https:\/\/api.w.org\/{rel}","templated":true}]}}