{"id":10434,"date":"2022-03-14T08:06:08","date_gmt":"2022-03-14T13:06:08","guid":{"rendered":"https:\/\/www.machupicchuroadtrip.com\/?page_id=10434"},"modified":"2022-03-14T08:46:20","modified_gmt":"2022-03-14T13:46:20","slug":"nuestras-formas-de-pago","status":"publish","type":"page","link":"https:\/\/www.machupicchuroadtrip.com\/en\/our-forms-of-payment\/","title":{"rendered":"Our Payment Methods"},"content":{"rendered":"<div data-vc-full-width=\"true\" data-vc-full-width-init=\"false\" class=\"vc_row wpb_row st bg-holder st-solo-about-us vc_custom_1647265115823\"><div class='container'><div class='row'>\n\t<div class=\"st-about-us-left wpb_column column_container col-md-6\"><div class=\"vc_column-inner wpb_wrapper\">\n\t\t\t\n\t<div class=\"wpb_text_column wpb_content_element\" >\n\t\t<div class=\"wpb_wrapper\">\n\t\t\t<p style=\"text-align: left; padding-left: 80px;\">First Form of Payment<\/p>\n<h3 style=\"text-align: left; padding-left: 80px;\">PAY WITH PAYPAL<\/h3>\n\n\t\t<\/div>\n\t<\/div>\n<div class=\"vc_empty_space\"   style=\"height: 40px\"><span class=\"vc_empty_space_inner\"><\/span><\/div>\n\t<div class=\"wpb_text_column wpb_content_element\" >\n\t\t<div class=\"wpb_wrapper\">\n\t\t\t<p><span style=\"color: #000000;\">Pay with Paypal or with your credit card, Enter the amount you want to pay, click the \"Pay Now\" button and follow the instructions. This payment option by Paypal or credit card has an automatic tax of 6%.<\/span><\/p>\n\n\t\t<\/div>\n\t<\/div>\n<\/div>\n\t<\/div> \n\n\t<div class=\"wpb_column column_container col-md-6\"><div class=\"vc_column-inner wpb_wrapper\">\n\t\t\t\n\t<div  class=\"wpb_single_image wpb_content_element vc_align_center\">\n\t\t\n\t\t<figure class=\"wpb_wrapper vc_figure\">\n\t\t\t<div class=\"vc_single_image-wrapper   vc_box_border_grey\"><img loading=\"lazy\" decoding=\"async\" width=\"700\" height=\"350\" src=\"https:\/\/www.machupicchuroadtrip.com\/wp-content\/uploads\/2022\/03\/paypal.jpg\" class=\"vc_single_image-img attachment-full\" alt=\"\" title=\"paypal\" srcset=\"https:\/\/www.machupicchuroadtrip.com\/wp-content\/uploads\/2022\/03\/paypal.jpg 700w, https:\/\/www.machupicchuroadtrip.com\/wp-content\/uploads\/2022\/03\/paypal-768x384.jpg 768w\" sizes=\"(max-width: 700px) 100vw, 700px\" \/><\/div>\n\t\t<\/figure>\n\t<\/div>\n<\/div>\n\t<\/div> \n<\/div><!--End .row--><\/div><!--End .container--><\/div><div class=\"vc_row-full-width vc_clearfix\"><\/div><div data-vc-full-width=\"true\" data-vc-full-width-init=\"false\" class=\"vc_row wpb_row st bg-holder st-solo-about-us vc_custom_1647265125598\"><div class='container'><div class='row'>\n\t<div class=\"wpb_column column_container col-md-6\"><div class=\"vc_column-inner wpb_wrapper\">\n\t\t\t\n\t<div  class=\"wpb_single_image wpb_content_element vc_align_center\">\n\t\t\n\t\t<figure class=\"wpb_wrapper vc_figure\">\n\t\t\t<div class=\"vc_single_image-wrapper   vc_box_border_grey\"><img loading=\"lazy\" decoding=\"async\" width=\"1280\" height=\"360\" src=\"https:\/\/www.machupicchuroadtrip.com\/wp-content\/uploads\/2022\/03\/western-union.png\" class=\"vc_single_image-img attachment-full\" alt=\"\" title=\"western-union\" srcset=\"https:\/\/www.machupicchuroadtrip.com\/wp-content\/uploads\/2022\/03\/western-union.png 1280w, https:\/\/www.machupicchuroadtrip.com\/wp-content\/uploads\/2022\/03\/western-union-768x216.png 768w\" sizes=\"(max-width: 1280px) 100vw, 1280px\" \/><\/div>\n\t\t<\/figure>\n\t<\/div>\n<\/div>\n\t<\/div> \n\n\t<div class=\"st-about-us-left wpb_column column_container col-md-6\"><div class=\"vc_column-inner wpb_wrapper\">\n\t\t\t\n\t<div class=\"wpb_text_column wpb_content_element\" >\n\t\t<div class=\"wpb_wrapper\">\n\t\t\t<p style=\"text-align: left; padding-left: 80px;\">Send your money by<\/p>\n<h3 style=\"text-align: left; padding-left: 80px;\">WESTERN UNION<\/h3>\n\n\t\t<\/div>\n\t<\/div>\n<div class=\"vc_empty_space\"   style=\"height: 40px\"><span class=\"vc_empty_space_inner\"><\/span><\/div>\n\t<div class=\"wpb_text_column wpb_content_element\" >\n\t\t<div class=\"wpb_wrapper\">\n\t\t\t<p><span style=\"color: #000000;\">With Western Union \u00ae, you can quickly send money between any of its 117,000 agents or locations around the world. Check on the internet www.westernunion.com which Agent is closest to your address, then go to the nearest Western Union office, ask for the money transfer cashier to other countries, the cashier will give you a money transfer form. money. Western Union<\/span><\/p>\n\n\t\t<\/div>\n\t<\/div>\n<\/div>\n\t<\/div> \n<\/div><!--End .row--><\/div><!--End .container--><\/div><div class=\"vc_row-full-width vc_clearfix\"><\/div><div data-vc-full-width=\"true\" data-vc-full-width-init=\"false\" class=\"vc_row wpb_row st bg-holder st-solo-about-us vc_custom_1647265115823\"><div class='container'><div class='row'>\n\t<div class=\"st-about-us-left wpb_column column_container col-md-6\"><div class=\"vc_column-inner wpb_wrapper\">\n\t\t\t\n\t<div class=\"wpb_text_column wpb_content_element\" >\n\t\t<div class=\"wpb_wrapper\">\n\t\t\t<p style=\"text-align: left; padding-left: 80px;\">Send your money by<\/p>\n<h3 style=\"text-align: left; padding-left: 80px;\">BANK TRANSFER<\/h3>\n\n\t\t<\/div>\n\t<\/div>\n<div class=\"vc_empty_space\"   style=\"height: 40px\"><span class=\"vc_empty_space_inner\"><\/span><\/div>\n\t<div class=\"wpb_text_column wpb_content_element\" >\n\t\t<div class=\"wpb_wrapper\">\n\t\t\t<p><span style=\"color: #000000;\">It can be done at any bank, make the deposit with the following information:<\/span><\/p>\n<ul>\n<li><span style=\"color: #000000;\"><strong>Bank:<\/strong><\/span><\/li>\n<li><span style=\"color: #000000;\"><strong>Account number in dollars:<\/strong><\/span><\/li>\n<li><span style=\"color: #000000;\"><strong>Interbank account code:<\/strong><\/span><\/li>\n<li><span style=\"color: #000000;\"><strong>Company name:<\/strong><\/span><\/li>\n<li><span style=\"color: #000000;\"><strong>Swift Code:<\/strong> BCPLPEPL<\/span><\/li>\n<li><span style=\"color: #000000;\"><strong>Bank address:<\/strong> Oficina Cusco Av. El Sol 189<\/span><\/li>\n<\/ul>\n<p><span style=\"color: #000000;\">The deposit must be sent to our company name<\/span><\/p>\n\n\t\t<\/div>\n\t<\/div>\n<\/div>\n\t<\/div> \n\n\t<div class=\"wpb_column column_container col-md-6\"><div class=\"vc_column-inner wpb_wrapper\">\n\t\t\t\n\t<div  class=\"wpb_single_image wpb_content_element vc_align_center\">\n\t\t\n\t\t<figure class=\"wpb_wrapper vc_figure\">\n\t\t\t<div class=\"vc_single_image-wrapper   vc_box_border_grey\"><img loading=\"lazy\" decoding=\"async\" width=\"753\" height=\"377\" src=\"https:\/\/www.machupicchuroadtrip.com\/wp-content\/uploads\/2022\/03\/Transferencia-bancaria.jpg\" class=\"vc_single_image-img attachment-full\" alt=\"\" title=\"Transferencia-bancaria\" srcset=\"https:\/\/www.machupicchuroadtrip.com\/wp-content\/uploads\/2022\/03\/Transferencia-bancaria.jpg 753w, https:\/\/www.machupicchuroadtrip.com\/wp-content\/uploads\/2022\/03\/Transferencia-bancaria-768x384.jpg 768w\" sizes=\"(max-width: 753px) 100vw, 753px\" \/><\/div>\n\t\t<\/figure>\n\t<\/div>\n<\/div>\n\t<\/div> \n<\/div><!--End .row--><\/div><!--End .container--><\/div><div class=\"vc_row-full-width vc_clearfix\"><\/div><div class=\"vc_row wpb_row st bg-holder\"><div class='container'><div class='row'>\n\t<div class=\"wpb_column column_container col-md-12\"><div class=\"vc_column-inner wpb_wrapper\">\n\t\t\t<div class=\"vc_empty_space\"   style=\"height: 50px\"><span class=\"vc_empty_space_inner\"><\/span><\/div><\/div>\n\t<\/div> \n<\/div><!--End .row--><\/div><!--End .container--><\/div>","protected":false},"excerpt":{"rendered":"Primera Forma de Pago PAGAR CON PAYPAL Pagar con Paypal o con su tarjeta de credito, Ingrese el monto que desee pagar, haga clic en el bot\u00f3n \u00abPagar ahora\u00bb y siga las instrucciones. Esta opci\u00f3n de pago por Paypal \u00f3 tarjeta de credito tiene un impuesto autom\u00e1tico de 6%. Env\u00eda tu dinero por WESTERN UNION [...]","protected":false},"author":1,"featured_media":10436,"parent":0,"menu_order":0,"comment_status":"closed","ping_status":"closed","template":"template-home-modern.php","meta":{"_monsterinsights_skip_tracking":false,"_monsterinsights_sitenote_active":false,"_monsterinsights_sitenote_note":"","_monsterinsights_sitenote_category":0,"footnotes":""},"_links":{"self":[{"href":"https:\/\/www.machupicchuroadtrip.com\/en\/wp-json\/wp\/v2\/pages\/10434"}],"collection":[{"href":"https:\/\/www.machupicchuroadtrip.com\/en\/wp-json\/wp\/v2\/pages"}],"about":[{"href":"https:\/\/www.machupicchuroadtrip.com\/en\/wp-json\/wp\/v2\/types\/page"}],"author":[{"embeddable":true,"href":"https:\/\/www.machupicchuroadtrip.com\/en\/wp-json\/wp\/v2\/users\/1"}],"replies":[{"embeddable":true,"href":"https:\/\/www.machupicchuroadtrip.com\/en\/wp-json\/wp\/v2\/comments?post=10434"}],"version-history":[{"count":28,"href":"https:\/\/www.machupicchuroadtrip.com\/en\/wp-json\/wp\/v2\/pages\/10434\/revisions"}],"predecessor-version":[{"id":10475,"href":"https:\/\/www.machupicchuroadtrip.com\/en\/wp-json\/wp\/v2\/pages\/10434\/revisions\/10475"}],"wp:featuredmedia":[{"embeddable":true,"href":"https:\/\/www.machupicchuroadtrip.com\/en\/wp-json\/wp\/v2\/media\/10436"}],"wp:attachment":[{"href":"https:\/\/www.machupicchuroadtrip.com\/en\/wp-json\/wp\/v2\/media?parent=10434"}],"curies":[{"name":"wp","href":"https:\/\/api.w.org\/{rel}","templated":true}]}}